{"id":779,"date":"2024-11-02T11:17:00","date_gmt":"2024-11-02T11:17:00","guid":{"rendered":"https:\/\/24snack.com\/?page_id=779"},"modified":"2024-11-02T11:19:57","modified_gmt":"2024-11-02T11:19:57","slug":"agb","status":"publish","type":"page","link":"https:\/\/www.24snack.com\/?page_id=779","title":{"rendered":"Allgemeine Gesch\u00e4ftsbedingungen (AGB)"},"content":{"rendered":"\n<h2 class=\"wp-block-heading\">\u00a71 Geltungsbereich<\/h2>\n\n\n\n<ul class=\"wp-block-list\">\n<li>Die AGB gelten f\u00fcr geschlossene Vertr\u00e4ge zwischen der Domani Handelsgesellschaft UG (haftungsbeschr\u00e4nkt), nachfolgend Automatenbetreiber genannt, und dem Kunden, nachfolgend auch Nutzer oder K\u00e4ufer genannt.<\/li>\n\n\n\n<li>Die Nutzung des Automatens ist f\u00fcr Personen mit vollendetem 7. Lebensjahr gestattet.<\/li>\n<\/ul>\n\n\n\n<h2 class=\"wp-block-heading\">\u00a72 Allgemeines<\/h2>\n\n\n\n<ul class=\"wp-block-list\">\n<li>Der Automatenbetreiber ist bestrebt, stets s\u00e4mtliche angebotene Waren vorr\u00e4tig zu haben. Es besteht jedoch kein Anspruch des Kunden darauf, dass s\u00e4mtliche Waren vorr\u00e4tig sind.<\/li>\n\n\n\n<li>Der Automatenbetreiber ist berechtigt, das Sortiment jederzeit und ohne Vorwarnung zu \u00e4ndern.<\/li>\n\n\n\n<li>Alle Preise am Automaten enthalten die gesetzliche Mehrwertsteuer (Umsatzsteuer) in H\u00f6he von 7% bzw. 19%. Die Preise beinhalten ebenfalls bereits die Pfandbetr\u00e4ge f\u00fcr Pfandprodukte.<\/li>\n<\/ul>\n\n\n\n<h2 class=\"wp-block-heading\">\u00a73 Zahlungsmethoden<\/h2>\n\n\n\n<ul class=\"wp-block-list\">\n<li>Gekaufte Artikel k\u00f6nnen per Barzahlung (M\u00fcnzen von 5 Cent bis 2 Euro und Scheine von 5 Euro bis 20 Euro) oder per EC-Zahlung geleistet werden. Einzelne Zahlungsmethoden k\u00f6nnen wegen technischen Gr\u00fcnden vor\u00fcbergehend nicht verf\u00fcgbar sein.<\/li>\n\n\n\n<li>Bei Nutzung der Barzahlung stellt der Automat das Wechselgeld in Form von M\u00fcnzen passend bereit. In selten F\u00e4llen kann es jedoch vorkommen, dass nicht ausreichend Wechselgeld zu Verf\u00fcgung steht. In diesem Fall erscheint die Meldung auf dem Display des Automatens \u201eBitte nur passend einwerfen\u201c oder \u00e4hnlich. In diesen F\u00e4llen ist der K\u00e4ufer verpflichtet, mit passendem Bargeld oder mit einer anderen Zahlungsmethode zu bezahlen.<\/li>\n\n\n\n<li>Ein Kaufvertrag kommt erst mit Ausgabe des Produktes zustande. Kann ein Automat wegen einer technischen St\u00f6rung das Produkt nicht an den Kunden ausgeben, erh\u00e4lt der Kunde den Kaufpreis erstattet und der Kauf kommt nicht zustande.<\/li>\n<\/ul>\n\n\n\n<h2 class=\"wp-block-heading\">\u00a74 Produkte mit Alters\u00fcberpr\u00fcfung<\/h2>\n\n\n\n<ul class=\"wp-block-list\">\n<li>Bestimmte Produkte werden ausschlie\u00dflich an Personen mit vollendetem 18. Lebensjahr abgegeben. Zur Einhaltung des Jugendschutzes werden zur \u00dcberpr\u00fcfung des Alters am Automaten technische Vorrichtungen verbaut. Eine solche technische Vorrichtung kann ein Ausweisleseger\u00e4t sein, in das der K\u00e4ufer seinen eigenen Ausweis (Personalausweis, F\u00fchrerschein oder Aufenthaltstitel) zur \u00dcberpr\u00fcfung seines Alters einstecken muss. Der K\u00e4ufer ist nicht berechtigt, einen fremden Ausweis zur Ausweis\u00fcberpr\u00fcfung einzusetzen.<\/li>\n\n\n\n<li>Sollte der K\u00e4ufer die Alters\u00fcberpr\u00fcfung bewusst umgehen, in der Absicht einen Artikel zu erhalten, f\u00fcr den sein tats\u00e4chliches Alter ihn nicht zum Kauf berechtigt h\u00e4tte, verpflichtet er sich, s\u00e4mtliche an den Automatenbetreiber gerichtete Strafzahlungen und Ordnungsgelder zu \u00fcbernehmen, die im Zusammenhang mit der Umgehung entstehen. Ist der K\u00e4ufer minderj\u00e4hrig haften Eltern f\u00fcr Ihre Kinder.<\/li>\n\n\n\n<li>Es ist den Nutzern des Automatens nicht gestattet, Ihren Ausweis einer anderen Person zur Verf\u00fcgung zu stellen, um die \u00dcberpr\u00fcfung des Alters zu umgehen. Ferner ist der K\u00e4ufer von Artikeln mit Altersbegrenzung nicht berechtigt, diese nach dem Kauf an eine Person abzugeben, die das gesetzliche Mindestalter nicht erf\u00fcllt. Es gilt die vorgenannte Nummer gleicherma\u00dfen.<\/li>\n<\/ul>\n\n\n\n<h2 class=\"wp-block-heading\">\u00a75 Schlussbestimmungen<\/h2>\n\n\n\n<ul class=\"wp-block-list\">\n<li>Der Automatenbetreiber haftet nicht f\u00fcr Sch\u00e4den, die durch den Konsum vom am Automaten erworbenen Lebensmitteln entstehen.<\/li>\n\n\n\n<li>Es gilt ausschlie\u00dflich deutsches Recht.<\/li>\n\n\n\n<li>Der Gerichtsstand ist Augsburg. Der Automatenbetreiber hat dar\u00fcber hinaus das Recht, den Nutzer auch an seinem Wohnsitz zu verklagen.<\/li>\n\n\n\n<li>Sollten einzelne Bestimmungen dieser Allgemeinen Gesch\u00e4ftsbedingungen unwirksam sein oder werden, bleibt die Wirksamkeit der \u00fcbrigen Bestimmungen hiervon unber\u00fchrt.<\/li>\n\n\n\n<li>Der Automatenbetreiber ist berechtigt die AGB ohne vorherige Anmeldung mit Wirkung f\u00fcr zuk\u00fcnftige Vertr\u00e4ge zu \u00e4ndern.<\/li>\n<\/ul>\n","protected":false},"excerpt":{"rendered":"<p>\u00a71 Geltungsbereich \u00a72 Allgemeines \u00a73 Zahlungsmethoden \u00a74 Produkte mit Alters\u00fcberpr\u00fcfung \u00a75 Schlussbestimmungen<\/p>\n","protected":false},"author":1,"featured_media":0,"parent":0,"menu_order":0,"comment_status":"closed","ping_status":"closed","template":"","meta":{"neve_meta_sidebar":"","neve_meta_container":"","neve_meta_enable_content_width":"","neve_meta_content_width":0,"neve_meta_title_alignment":"","neve_meta_author_avatar":"","neve_post_elements_order":"","neve_meta_disable_header":"","neve_meta_disable_footer":"","neve_meta_disable_title":"","footnotes":""},"class_list":["post-779","page","type-page","status-publish","hentry"],"_links":{"self":[{"href":"https:\/\/www.24snack.com\/index.php?rest_route=\/wp\/v2\/pages\/779","targetHints":{"allow":["GET"]}}],"collection":[{"href":"https:\/\/www.24snack.com\/index.php?rest_route=\/wp\/v2\/pages"}],"about":[{"href":"https:\/\/www.24snack.com\/index.php?rest_route=\/wp\/v2\/types\/page"}],"author":[{"embeddable":true,"href":"https:\/\/www.24snack.com\/index.php?rest_route=\/wp\/v2\/users\/1"}],"replies":[{"embeddable":true,"href":"https:\/\/www.24snack.com\/index.php?rest_route=%2Fwp%2Fv2%2Fcomments&post=779"}],"version-history":[{"count":2,"href":"https:\/\/www.24snack.com\/index.php?rest_route=\/wp\/v2\/pages\/779\/revisions"}],"predecessor-version":[{"id":782,"href":"https:\/\/www.24snack.com\/index.php?rest_route=\/wp\/v2\/pages\/779\/revisions\/782"}],"wp:attachment":[{"href":"https:\/\/www.24snack.com\/index.php?rest_route=%2Fwp%2Fv2%2Fmedia&parent=779"}],"curies":[{"name":"wp","href":"https:\/\/api.w.org\/{rel}","templated":true}]}}