{"id":757,"date":"2024-11-01T23:00:13","date_gmt":"2024-11-01T23:00:13","guid":{"rendered":"https:\/\/24snack.com\/?page_id=757"},"modified":"2024-11-13T14:46:12","modified_gmt":"2024-11-13T14:46:12","slug":"anleitung-sanden-vendo-g-snack","status":"publish","type":"page","link":"https:\/\/www.24snack.com\/?page_id=757","title":{"rendered":"Anleitung Sanden Vendo G-Snack"},"content":{"rendered":"\t\t<div data-elementor-type=\"wp-page\" data-elementor-id=\"757\" class=\"elementor elementor-757\" data-elementor-post-type=\"page\">\n\t\t\t\t\t\t<section class=\"elementor-section elementor-top-section elementor-element elementor-element-7a9666b elementor-section-boxed elementor-section-height-default elementor-section-height-default\" data-id=\"7a9666b\" data-element_type=\"section\" data-e-type=\"section\" data-settings=\"{&quot;background_background&quot;:&quot;classic&quot;}\">\n\t\t\t\t\t\t\t<div class=\"elementor-background-overlay\"><\/div>\n\t\t\t\t\t\t\t<div class=\"elementor-container elementor-column-gap-default\">\n\t\t\t\t\t<div class=\"elementor-column elementor-col-100 elementor-top-column elementor-element elementor-element-c992395\" data-id=\"c992395\" data-element_type=\"column\" data-e-type=\"column\" data-settings=\"{&quot;background_background&quot;:&quot;classic&quot;}\">\n\t\t\t<div class=\"elementor-widget-wrap elementor-element-populated\">\n\t\t\t\t\t\t<div class=\"elementor-element elementor-element-4a3c03c elementor-widget elementor-widget-heading\" data-id=\"4a3c03c\" data-element_type=\"widget\" data-e-type=\"widget\" data-widget_type=\"heading.default\">\n\t\t\t\t<div class=\"elementor-widget-container\">\n\t\t\t\t\t<h1 class=\"elementor-heading-title elementor-size-default\">Hilfe bei der Bedienung unserer Snack-Automaten<\/h1>\t\t\t\t<\/div>\n\t\t\t\t<\/div>\n\t\t\t\t<div class=\"elementor-element elementor-element-652b07d elementor-widget elementor-widget-text-editor\" data-id=\"652b07d\" data-element_type=\"widget\" data-e-type=\"widget\" data-widget_type=\"text-editor.default\">\n\t\t\t\t<div class=\"elementor-widget-container\">\n\t\t\t\t\t\t\t\t\t<p>Die Bedienung unserer Automaten ist sehr einfach. Dennoch haben wir hier eine kleine Anleitung zusammengestellt, die etwaige Fragen beantworten soll.<\/p>\t\t\t\t\t\t\t\t<\/div>\n\t\t\t\t<\/div>\n\t\t\t\t\t<\/div>\n\t\t<\/div>\n\t\t\t\t\t<\/div>\n\t\t<\/section>\n\t\t\t\t<section class=\"elementor-section elementor-top-section elementor-element elementor-element-7f3d1b4 elementor-section-boxed elementor-section-height-default elementor-section-height-default\" data-id=\"7f3d1b4\" data-element_type=\"section\" data-e-type=\"section\">\n\t\t\t\t\t\t<div class=\"elementor-container elementor-column-gap-default\">\n\t\t\t\t\t<div class=\"elementor-column elementor-col-50 elementor-top-column elementor-element elementor-element-1d63800\" data-id=\"1d63800\" data-element_type=\"column\" data-e-type=\"column\">\n\t\t\t<div class=\"elementor-widget-wrap elementor-element-populated\">\n\t\t\t\t\t\t<div class=\"elementor-element elementor-element-d56dcc1 elementor-widget elementor-widget-heading\" data-id=\"d56dcc1\" data-element_type=\"widget\" data-e-type=\"widget\" data-widget_type=\"heading.default\">\n\t\t\t\t<div class=\"elementor-widget-container\">\n\t\t\t\t\t<h2 class=\"elementor-heading-title elementor-size-default\">Bezahlung mit Bargeld<\/h2>\t\t\t\t<\/div>\n\t\t\t\t<\/div>\n\t\t\t\t<div class=\"elementor-element elementor-element-b528b6f elementor-widget elementor-widget-heading\" data-id=\"b528b6f\" data-element_type=\"widget\" data-e-type=\"widget\" data-widget_type=\"heading.default\">\n\t\t\t\t<div class=\"elementor-widget-container\">\n\t\t\t\t\t<div class=\"elementor-heading-title elementor-size-default\">1. M\u00fcnze einwerfen oder Schein einf\u00fchren<\/div>\t\t\t\t<\/div>\n\t\t\t\t<\/div>\n\t\t\t\t<div class=\"elementor-element elementor-element-282a02b elementor-widget elementor-widget-text-editor\" data-id=\"282a02b\" data-element_type=\"widget\" data-e-type=\"widget\" data-widget_type=\"text-editor.default\">\n\t\t\t\t<div class=\"elementor-widget-container\">\n\t\t\t\t\t\t\t\t\t<p>Werfe die M\u00fcnze in den M\u00fcnzeinwurf oder f\u00fchre den Geldschein in den Geldscheinleser ein. Es kann in seltenen F\u00e4llen vorkommen, dass M\u00fcnzen oder Scheine vom Automaten nicht \u00fcberpr\u00fcft werden konnten. In dem Fall wird die M\u00fcnze oder der Schein wieder ausgegeben. Versuche es einfach nochmal oder nutze ein anderes Zahlungsmittel.<\/p><p>Der Automat zeigt dir auf dem Display, wie viel Geld du eingegeben hast.<\/p>\t\t\t\t\t\t\t\t<\/div>\n\t\t\t\t<\/div>\n\t\t\t\t\t<\/div>\n\t\t<\/div>\n\t\t\t\t<div class=\"elementor-column elementor-col-50 elementor-top-column elementor-element elementor-element-f50145e\" data-id=\"f50145e\" data-element_type=\"column\" data-e-type=\"column\">\n\t\t\t<div class=\"elementor-widget-wrap elementor-element-populated\">\n\t\t\t\t\t\t<div class=\"elementor-element elementor-element-54cd9c1 elementor-widget elementor-widget-heading\" data-id=\"54cd9c1\" data-element_type=\"widget\" data-e-type=\"widget\" data-widget_type=\"heading.default\">\n\t\t\t\t<div class=\"elementor-widget-container\">\n\t\t\t\t\t<h2 class=\"elementor-heading-title elementor-size-default\">Bezahlung mit EC-Karte oder Handy<\/h2>\t\t\t\t<\/div>\n\t\t\t\t<\/div>\n\t\t\t\t<div class=\"elementor-element elementor-element-ad8b761 elementor-widget elementor-widget-heading\" data-id=\"ad8b761\" data-element_type=\"widget\" data-e-type=\"widget\" data-widget_type=\"heading.default\">\n\t\t\t\t<div class=\"elementor-widget-container\">\n\t\t\t\t\t<div class=\"elementor-heading-title elementor-size-default\">1. EC-Karte an den Kartenleser halten<\/div>\t\t\t\t<\/div>\n\t\t\t\t<\/div>\n\t\t\t\t<div class=\"elementor-element elementor-element-73d04b1 elementor-widget elementor-widget-text-editor\" data-id=\"73d04b1\" data-element_type=\"widget\" data-e-type=\"widget\" data-widget_type=\"text-editor.default\">\n\t\t\t\t<div class=\"elementor-widget-container\">\n\t\t\t\t\t\t\t\t\t<p>Halte deine EC-Karte, Kreditkarte oder Mobiltelefon an das Kartenleseger\u00e4t. Es werden EC- und Girokarten, Kreditkarten (Visa, Mastercard) und mobile Zahlungsmethoden (Apple-Pay oder Google-Pay). Es wird automatisch ein Betrag von 24 Euro autorisiert. Tats\u00e4chlich abgebucht wird aber nur der tats\u00e4chliche Kaufpreis.<\/p><p>Der Automat zeigt den autorisierten Betrag auf dem Display an, f\u00fcr den ein Produkt gekauft werden kann. Nach Produktauswahl musst du nochmals die Karte an den Leser halten und es wird der ausgegebene Betrag abgebucht.<\/p>\t\t\t\t\t\t\t\t<\/div>\n\t\t\t\t<\/div>\n\t\t\t\t\t<\/div>\n\t\t<\/div>\n\t\t\t\t\t<\/div>\n\t\t<\/section>\n\t\t\t\t<section class=\"elementor-section elementor-top-section elementor-element elementor-element-efc4c4e elementor-section-boxed elementor-section-height-default elementor-section-height-default\" data-id=\"efc4c4e\" data-element_type=\"section\" data-e-type=\"section\">\n\t\t\t\t\t\t<div class=\"elementor-container elementor-column-gap-default\">\n\t\t\t\t\t<div class=\"elementor-column elementor-col-100 elementor-top-column elementor-element elementor-element-1de7d96\" data-id=\"1de7d96\" data-element_type=\"column\" data-e-type=\"column\">\n\t\t\t<div class=\"elementor-widget-wrap elementor-element-populated\">\n\t\t\t\t\t\t<div class=\"elementor-element elementor-element-95e10b0 elementor-widget elementor-widget-heading\" data-id=\"95e10b0\" data-element_type=\"widget\" data-e-type=\"widget\" data-widget_type=\"heading.default\">\n\t\t\t\t<div class=\"elementor-widget-container\">\n\t\t\t\t\t<div class=\"elementor-heading-title elementor-size-default\">2. Produkt ausw\u00e4hlen<\/div>\t\t\t\t<\/div>\n\t\t\t\t<\/div>\n\t\t\t\t<div class=\"elementor-element elementor-element-362fe5a elementor-widget elementor-widget-text-editor\" data-id=\"362fe5a\" data-element_type=\"widget\" data-e-type=\"widget\" data-widget_type=\"text-editor.default\">\n\t\t\t\t<div class=\"elementor-widget-container\">\n\t\t\t\t\t\t\t\t\t<p>Tippe nun die gew\u00fcnschte Produktnummer am Tastenfeld ein. Die Produktnummer findest du unterhalb von jedem Produkt zusammen mit dem Preis.<\/p>\t\t\t\t\t\t\t\t<\/div>\n\t\t\t\t<\/div>\n\t\t\t\t\t<\/div>\n\t\t<\/div>\n\t\t\t\t\t<\/div>\n\t\t<\/section>\n\t\t\t\t<section class=\"elementor-section elementor-top-section elementor-element elementor-element-a32c40c elementor-section-boxed elementor-section-height-default elementor-section-height-default\" data-id=\"a32c40c\" data-element_type=\"section\" data-e-type=\"section\">\n\t\t\t\t\t\t<div class=\"elementor-container elementor-column-gap-default\">\n\t\t\t\t\t<div class=\"elementor-column elementor-col-100 elementor-top-column elementor-element elementor-element-d6b3284\" data-id=\"d6b3284\" data-element_type=\"column\" data-e-type=\"column\">\n\t\t\t<div class=\"elementor-widget-wrap elementor-element-populated\">\n\t\t\t\t\t\t<div class=\"elementor-element elementor-element-37341dd elementor-widget elementor-widget-heading\" data-id=\"37341dd\" data-element_type=\"widget\" data-e-type=\"widget\" data-widget_type=\"heading.default\">\n\t\t\t\t<div class=\"elementor-widget-container\">\n\t\t\t\t\t<div class=\"elementor-heading-title elementor-size-default\">3. Alters\u00fcberpr\u00fcfung (nur bei 18+ Artikel)<\/div>\t\t\t\t<\/div>\n\t\t\t\t<\/div>\n\t\t\t\t<div class=\"elementor-element elementor-element-0dabcdf elementor-widget elementor-widget-text-editor\" data-id=\"0dabcdf\" data-element_type=\"widget\" data-e-type=\"widget\" data-widget_type=\"text-editor.default\">\n\t\t\t\t<div class=\"elementor-widget-container\">\n\t\t\t\t\t\t\t\t\t<p>F\u00fcr Produkte, die erst ab einem bestimmten Alter verkauft werden d\u00fcrfen, ist eine Alters\u00fcberpr\u00fcfung notwendig. F\u00fchre hierzu deinen Personalausweis, Aufenthaltstitel oder F\u00fchrerschein in den Ausweisleser ein und ziehe ihn nach unten durch.<\/p>\t\t\t\t\t\t\t\t<\/div>\n\t\t\t\t<\/div>\n\t\t\t\t\t<\/div>\n\t\t<\/div>\n\t\t\t\t\t<\/div>\n\t\t<\/section>\n\t\t\t\t<section class=\"elementor-section elementor-top-section elementor-element elementor-element-48d6b3d elementor-section-boxed elementor-section-height-default elementor-section-height-default\" data-id=\"48d6b3d\" data-element_type=\"section\" data-e-type=\"section\">\n\t\t\t\t\t\t<div class=\"elementor-container elementor-column-gap-default\">\n\t\t\t\t\t<div class=\"elementor-column elementor-col-100 elementor-top-column elementor-element elementor-element-f21de69\" data-id=\"f21de69\" data-element_type=\"column\" data-e-type=\"column\">\n\t\t\t<div class=\"elementor-widget-wrap elementor-element-populated\">\n\t\t\t\t\t\t<div class=\"elementor-element elementor-element-ccd885e elementor-widget elementor-widget-heading\" data-id=\"ccd885e\" data-element_type=\"widget\" data-e-type=\"widget\" data-widget_type=\"heading.default\">\n\t\t\t\t<div class=\"elementor-widget-container\">\n\t\t\t\t\t<div class=\"elementor-heading-title elementor-size-default\">4. Artikel wird ausgegeben<\/div>\t\t\t\t<\/div>\n\t\t\t\t<\/div>\n\t\t\t\t<div class=\"elementor-element elementor-element-8268f69 elementor-widget elementor-widget-text-editor\" data-id=\"8268f69\" data-element_type=\"widget\" data-e-type=\"widget\" data-widget_type=\"text-editor.default\">\n\t\t\t\t<div class=\"elementor-widget-container\">\n\t\t\t\t\t\t\t\t\t<p>Nun wird dein Artikel vom Automaten ausgeworfen. Solltest du per EC bezahlt haben, musst du deine Karte nochmals an das Leseger\u00e4t halten.<\/p><p>Sollte dein Artikel mal nicht gleich nach unten fallen, erkennt dies der Automat und dreht die Produkt-Spirale nochmals ein St\u00fcck weiter. Sollte das Produkt trotzdem nicht herausfallen, erstattet der Automat den Kaufpreis automatisch.<\/p>\t\t\t\t\t\t\t\t<\/div>\n\t\t\t\t<\/div>\n\t\t\t\t\t<\/div>\n\t\t<\/div>\n\t\t\t\t\t<\/div>\n\t\t<\/section>\n\t\t\t\t<section class=\"elementor-section elementor-top-section elementor-element elementor-element-5dd28b7 elementor-section-boxed elementor-section-height-default elementor-section-height-default\" data-id=\"5dd28b7\" data-element_type=\"section\" data-e-type=\"section\">\n\t\t\t\t\t\t<div class=\"elementor-container elementor-column-gap-default\">\n\t\t\t\t\t<div class=\"elementor-column elementor-col-50 elementor-top-column elementor-element elementor-element-71de011\" data-id=\"71de011\" data-element_type=\"column\" data-e-type=\"column\">\n\t\t\t<div class=\"elementor-widget-wrap elementor-element-populated\">\n\t\t\t\t\t\t<div class=\"elementor-element elementor-element-d34db3c elementor-widget elementor-widget-heading\" data-id=\"d34db3c\" data-element_type=\"widget\" data-e-type=\"widget\" data-widget_type=\"heading.default\">\n\t\t\t\t<div class=\"elementor-widget-container\">\n\t\t\t\t\t<div class=\"elementor-heading-title elementor-size-default\">5. Wechselgeld entnehmen<\/div>\t\t\t\t<\/div>\n\t\t\t\t<\/div>\n\t\t\t\t<div class=\"elementor-element elementor-element-37e11c6 elementor-widget elementor-widget-text-editor\" data-id=\"37e11c6\" data-element_type=\"widget\" data-e-type=\"widget\" data-widget_type=\"text-editor.default\">\n\t\t\t\t<div class=\"elementor-widget-container\">\n\t\t\t\t\t\t\t\t\t<p>Solltest du das Geld nicht passend eingeworfen haben, wird dir das Wechselgeld in Form von M\u00fcnzen wieder zur\u00fcckgegeben.<\/p>\t\t\t\t\t\t\t\t<\/div>\n\t\t\t\t<\/div>\n\t\t\t\t\t<\/div>\n\t\t<\/div>\n\t\t\t\t<div class=\"elementor-column elementor-col-50 elementor-top-column elementor-element elementor-element-008d93c\" data-id=\"008d93c\" data-element_type=\"column\" data-e-type=\"column\">\n\t\t\t<div class=\"elementor-widget-wrap elementor-element-populated\">\n\t\t\t\t\t\t<div class=\"elementor-element elementor-element-10f1466 elementor-widget elementor-widget-heading\" data-id=\"10f1466\" data-element_type=\"widget\" data-e-type=\"widget\" data-widget_type=\"heading.default\">\n\t\t\t\t<div class=\"elementor-widget-container\">\n\t\t\t\t\t<div class=\"elementor-heading-title elementor-size-default\">5. Weiteres Produkt w\u00e4hlen<\/div>\t\t\t\t<\/div>\n\t\t\t\t<\/div>\n\t\t\t\t<div class=\"elementor-element elementor-element-babb283 elementor-widget elementor-widget-text-editor\" data-id=\"babb283\" data-element_type=\"widget\" data-e-type=\"widget\" data-widget_type=\"text-editor.default\">\n\t\t\t\t<div class=\"elementor-widget-container\">\n\t\t\t\t\t\t\t\t\t<p>M\u00f6chtest du ein weiteres Produkt kaufen, tippe innerhalb von 20 Sekunden die n\u00e4chste Produktnummer ein. Dir wird das n\u00e4chste Produkt ausgegeben. Dies funktioniert so lange, wie der autorisierte Betrag nicht ersch\u00f6pft ist. Triffst du innerhalb von 20 Sekunden keine weitere Auswahl, wird der Kauf automatisch beenden<\/p>\t\t\t\t\t\t\t\t<\/div>\n\t\t\t\t<\/div>\n\t\t\t\t\t<\/div>\n\t\t<\/div>\n\t\t\t\t\t<\/div>\n\t\t<\/section>\n\t\t\t\t<section class=\"elementor-section elementor-top-section elementor-element elementor-element-c889878 elementor-section-boxed elementor-section-height-default elementor-section-height-default\" data-id=\"c889878\" data-element_type=\"section\" data-e-type=\"section\">\n\t\t\t\t\t\t<div class=\"elementor-container elementor-column-gap-default\">\n\t\t\t\t\t<div class=\"elementor-column elementor-col-100 elementor-top-column elementor-element elementor-element-fd6a795\" data-id=\"fd6a795\" data-element_type=\"column\" data-e-type=\"column\">\n\t\t\t<div class=\"elementor-widget-wrap elementor-element-populated\">\n\t\t\t\t\t\t<div class=\"elementor-element elementor-element-a684592 elementor-widget elementor-widget-heading\" data-id=\"a684592\" data-element_type=\"widget\" data-e-type=\"widget\" data-widget_type=\"heading.default\">\n\t\t\t\t<div class=\"elementor-widget-container\">\n\t\t\t\t\t<div class=\"elementor-heading-title elementor-size-default\">Kauf abbrechen oder beenden<\/div>\t\t\t\t<\/div>\n\t\t\t\t<\/div>\n\t\t\t\t<div class=\"elementor-element elementor-element-789a4a4 elementor-widget elementor-widget-text-editor\" data-id=\"789a4a4\" data-element_type=\"widget\" data-e-type=\"widget\" data-widget_type=\"text-editor.default\">\n\t\t\t\t<div class=\"elementor-widget-container\">\n\t\t\t\t\t\t\t\t\t<p>Du hast dich vertippt oder m\u00f6chtest dein eingeworfenes Geld zur\u00fcckerhalten. Dann dr\u00fccke die Geldr\u00fcckgabetaste.<\/p>\t\t\t\t\t\t\t\t<\/div>\n\t\t\t\t<\/div>\n\t\t\t\t\t<\/div>\n\t\t<\/div>\n\t\t\t\t\t<\/div>\n\t\t<\/section>\n\t\t\t\t<section class=\"elementor-section elementor-top-section elementor-element elementor-element-4b75df9 elementor-section-boxed elementor-section-height-default elementor-section-height-default\" data-id=\"4b75df9\" data-element_type=\"section\" data-e-type=\"section\" data-settings=\"{&quot;background_background&quot;:&quot;classic&quot;}\">\n\t\t\t\t\t\t<div class=\"elementor-container elementor-column-gap-default\">\n\t\t\t\t\t<div class=\"elementor-column elementor-col-100 elementor-top-column elementor-element elementor-element-61d7506\" data-id=\"61d7506\" data-element_type=\"column\" data-e-type=\"column\">\n\t\t\t<div class=\"elementor-widget-wrap elementor-element-populated\">\n\t\t\t\t\t\t<div class=\"elementor-element elementor-element-db2c75e elementor-widget elementor-widget-heading\" data-id=\"db2c75e\" data-element_type=\"widget\" data-e-type=\"widget\" data-widget_type=\"heading.default\">\n\t\t\t\t<div class=\"elementor-widget-container\">\n\t\t\t\t\t<h2 class=\"elementor-heading-title elementor-size-default\">Du hast noch Fragen?<\/h2>\t\t\t\t<\/div>\n\t\t\t\t<\/div>\n\t\t\t\t<div class=\"elementor-element elementor-element-bf0f5c0 elementor-widget elementor-widget-text-editor\" data-id=\"bf0f5c0\" data-element_type=\"widget\" data-e-type=\"widget\" data-widget_type=\"text-editor.default\">\n\t\t\t\t<div class=\"elementor-widget-container\">\n\t\t\t\t\t\t\t\t\t<p>Du hast immer noch Fragen oder Probleme bei der Bedienung unserer Automaten? Dann sind wir gern f\u00fcr dich da. Schreibe uns einfach eine Nachricht.<\/p>\t\t\t\t\t\t\t\t<\/div>\n\t\t\t\t<\/div>\n\t\t\t\t<div class=\"elementor-element elementor-element-51d84e6 elementor-align-center elementor-widget elementor-widget-button\" data-id=\"51d84e6\" data-element_type=\"widget\" data-e-type=\"widget\" data-widget_type=\"button.default\">\n\t\t\t\t<div class=\"elementor-widget-container\">\n\t\t\t\t\t\t\t\t\t<div class=\"elementor-button-wrapper\">\n\t\t\t\t\t<a class=\"elementor-button elementor-button-link elementor-size-sm\" href=\"\/kontakt\/\">\n\t\t\t\t\t\t<span class=\"elementor-button-content-wrapper\">\n\t\t\t\t\t\t\t\t\t<span class=\"elementor-button-text\">Kontakt<\/span>\n\t\t\t\t\t<\/span>\n\t\t\t\t\t<\/a>\n\t\t\t\t<\/div>\n\t\t\t\t\t\t\t\t<\/div>\n\t\t\t\t<\/div>\n\t\t\t\t\t<\/div>\n\t\t<\/div>\n\t\t\t\t\t<\/div>\n\t\t<\/section>\n\t\t\t\t<section class=\"elementor-section elementor-top-section elementor-element elementor-element-e1b88ac elementor-section-boxed elementor-section-height-default elementor-section-height-default\" data-id=\"e1b88ac\" data-element_type=\"section\" data-e-type=\"section\">\n\t\t\t\t\t\t<div class=\"elementor-container elementor-column-gap-default\">\n\t\t\t\t\t<div class=\"elementor-column elementor-col-100 elementor-top-column elementor-element elementor-element-56717dc\" data-id=\"56717dc\" data-element_type=\"column\" data-e-type=\"column\">\n\t\t\t<div class=\"elementor-widget-wrap\">\n\t\t\t\t\t\t\t<\/div>\n\t\t<\/div>\n\t\t\t\t\t<\/div>\n\t\t<\/section>\n\t\t\t\t<\/div>\n\t\t","protected":false},"excerpt":{"rendered":"<p>Hilfe bei der Bedienung unserer Snack-Automaten Die Bedienung unserer Automaten ist sehr einfach. Dennoch haben wir hier eine kleine Anleitung zusammengestellt, die etwaige Fragen beantworten soll. Bezahlung mit Bargeld 1. M\u00fcnze einwerfen oder Schein einf\u00fchren Werfe die M\u00fcnze in den M\u00fcnzeinwurf oder f\u00fchre den Geldschein in den Geldscheinleser ein. Es kann in seltenen F\u00e4llen vorkommen,&hellip;&nbsp;<a href=\"https:\/\/www.24snack.com\/?page_id=757\" rel=\"bookmark\"><span class=\"screen-reader-text\">Anleitung Sanden Vendo G-Snack<\/span><\/a><\/p>\n","protected":false},"author":1,"featured_media":0,"parent":784,"menu_order":0,"comment_status":"closed","ping_status":"closed","template":"page-templates\/template-pagebuilder-full-width.php","meta":{"neve_meta_sidebar":"","neve_meta_container":"","neve_meta_enable_content_width":"","neve_meta_content_width":0,"neve_meta_title_alignment":"","neve_meta_author_avatar":"","neve_post_elements_order":"","neve_meta_disable_header":"","neve_meta_disable_footer":"","neve_meta_disable_title":"","footnotes":""},"class_list":["post-757","page","type-page","status-publish","hentry"],"_links":{"self":[{"href":"https:\/\/www.24snack.com\/index.php?rest_route=\/wp\/v2\/pages\/757","targetHints":{"allow":["GET"]}}],"collection":[{"href":"https:\/\/www.24snack.com\/index.php?rest_route=\/wp\/v2\/pages"}],"about":[{"href":"https:\/\/www.24snack.com\/index.php?rest_route=\/wp\/v2\/types\/page"}],"author":[{"embeddable":true,"href":"https:\/\/www.24snack.com\/index.php?rest_route=\/wp\/v2\/users\/1"}],"replies":[{"embeddable":true,"href":"https:\/\/www.24snack.com\/index.php?rest_route=%2Fwp%2Fv2%2Fcomments&post=757"}],"version-history":[{"count":31,"href":"https:\/\/www.24snack.com\/index.php?rest_route=\/wp\/v2\/pages\/757\/revisions"}],"predecessor-version":[{"id":826,"href":"https:\/\/www.24snack.com\/index.php?rest_route=\/wp\/v2\/pages\/757\/revisions\/826"}],"up":[{"embeddable":true,"href":"https:\/\/www.24snack.com\/index.php?rest_route=\/wp\/v2\/pages\/784"}],"wp:attachment":[{"href":"https:\/\/www.24snack.com\/index.php?rest_route=%2Fwp%2Fv2%2Fmedia&parent=757"}],"curies":[{"name":"wp","href":"https:\/\/api.w.org\/{rel}","templated":true}]}}