{"id":566,"date":"2024-09-23T17:43:07","date_gmt":"2024-09-23T17:43:07","guid":{"rendered":"https:\/\/24snack.com\/?page_id=566"},"modified":"2025-06-08T07:45:35","modified_gmt":"2025-06-08T07:45:35","slug":"impressum","status":"publish","type":"page","link":"https:\/\/www.24snack.com\/?page_id=566","title":{"rendered":"Impressum"},"content":{"rendered":"\n<p>24Snack ist eine Marke der Domani Handelsgesellschaft.<\/p>\n\n\n\n<p><strong>Domani Handelsgesellschaft UG (haftungsbeschr\u00e4nkt)<\/strong><br>St.-Bernhardt-Str. 1<br>86438 Kissing<\/p>\n\n\n\n<p>Gesch\u00e4ftsf\u00fchrer: Sebastian Domani<br>Registernummer: HRB 39180<br>Registergericht: AG Augsburg<br>USt-IdNr.: DE363643836<br>WEEE-Nr. gem ElektroG: DE43541249<\/p>\n\n\n\n<p>Telefon: 0821 \/ 567 323 60 (Kein Support unter dieser Nummer, bitte nutzen Sie das <a href=\"https:\/\/24snack.com\/kontakt\/\" data-type=\"page\" data-id=\"34\">Kontaktformular<\/a>)<br>E-Mail:&nbsp;<a href=\"mailto:mail@24snack.com\">mail@24snack.com<\/a><\/p>\n\n\n\n<p>Verantwortlicher i.S.d. \u00a7 18 Abs. 2 MStV: Sebastian Domani<br>Die Europ\u00e4ische Kommission stellt eine Plattform f\u00fcr die au\u00dfergerichtliche Online-Streitbeilegung (OS-Plattform) bereit. Wir sind weder verpflichtet noch bereit, an dem Streitschlichtungsverfahren teilzunehmen.<br>Plattform der EU-Kommission zur Online-Streitbeilegung:\u00a0<a href=\"https:\/\/www.ec.europa.eu\/consumers\/odr\">https:\/\/www.ec.europa.eu\/consumers\/odr<\/a><\/p>\n\n\n\n<p>Entdecken Sie auch unseren PV-Shop: <a href=\"http:\/\/www.sun-held.de\" data-type=\"link\" data-id=\"www.sun-held.de\">www.sun-held.de<\/a> und <a href=\"https:\/\/lumentree.sun-held.de\">https:\/\/lumentree.sun-held.de<\/a><\/p>\n","protected":false},"excerpt":{"rendered":"<p>24Snack ist eine Marke der Domani Handelsgesellschaft. Domani Handelsgesellschaft UG (haftungsbeschr\u00e4nkt)St.-Bernhardt-Str. 186438 Kissing Gesch\u00e4ftsf\u00fchrer: Sebastian DomaniRegisternummer: HRB 39180Registergericht: AG AugsburgUSt-IdNr.: DE363643836WEEE-Nr. gem ElektroG: DE43541249 Telefon: 0821 \/ 567 323 60 (Kein Support unter dieser Nummer, bitte nutzen Sie das Kontaktformular)E-Mail:&nbsp;mail@24snack.com Verantwortlicher i.S.d. \u00a7 18 Abs. 2 MStV: Sebastian DomaniDie Europ\u00e4ische Kommission stellt eine Plattform f\u00fcr&hellip;&nbsp;<a href=\"https:\/\/www.24snack.com\/?page_id=566\" rel=\"bookmark\"><span class=\"screen-reader-text\">Impressum<\/span><\/a><\/p>\n","protected":false},"author":1,"featured_media":0,"parent":0,"menu_order":0,"comment_status":"closed","ping_status":"closed","template":"","meta":{"neve_meta_sidebar":"","neve_meta_container":"","neve_meta_enable_content_width":"","neve_meta_content_width":0,"neve_meta_title_alignment":"","neve_meta_author_avatar":"","neve_post_elements_order":"","neve_meta_disable_header":"","neve_meta_disable_footer":"","neve_meta_disable_title":"","footnotes":""},"class_list":["post-566","page","type-page","status-publish","hentry"],"_links":{"self":[{"href":"https:\/\/www.24snack.com\/index.php?rest_route=\/wp\/v2\/pages\/566","targetHints":{"allow":["GET"]}}],"collection":[{"href":"https:\/\/www.24snack.com\/index.php?rest_route=\/wp\/v2\/pages"}],"about":[{"href":"https:\/\/www.24snack.com\/index.php?rest_route=\/wp\/v2\/types\/page"}],"author":[{"embeddable":true,"href":"https:\/\/www.24snack.com\/index.php?rest_route=\/wp\/v2\/users\/1"}],"replies":[{"embeddable":true,"href":"https:\/\/www.24snack.com\/index.php?rest_route=%2Fwp%2Fv2%2Fcomments&post=566"}],"version-history":[{"count":8,"href":"https:\/\/www.24snack.com\/index.php?rest_route=\/wp\/v2\/pages\/566\/revisions"}],"predecessor-version":[{"id":830,"href":"https:\/\/www.24snack.com\/index.php?rest_route=\/wp\/v2\/pages\/566\/revisions\/830"}],"wp:attachment":[{"href":"https:\/\/www.24snack.com\/index.php?rest_route=%2Fwp%2Fv2%2Fmedia&parent=566"}],"curies":[{"name":"wp","href":"https:\/\/api.w.org\/{rel}","templated":true}]}}